{"id":2697,"date":"2024-03-01T11:41:12","date_gmt":"2024-03-01T11:41:12","guid":{"rendered":"https:\/\/visitspacva.hr\/truffles\/"},"modified":"2024-07-04T10:00:47","modified_gmt":"2024-07-04T10:00:47","slug":"truffles","status":"publish","type":"page","link":"https:\/\/visitspacva.hr\/en\/truffles\/","title":{"rendered":"Truffles"},"content":{"rendered":"\t\t<div data-elementor-type=\"wp-page\" data-elementor-id=\"2697\" class=\"elementor elementor-2697 elementor-55\" data-elementor-post-type=\"page\">\n\t\t\t\t<div class=\"elementor-element elementor-element-7443f68 e-flex e-con-boxed e-con e-parent\" data-id=\"7443f68\" data-element_type=\"container\" data-settings=\"{&quot;background_background&quot;:&quot;classic&quot;}\">\n\t\t\t\t\t<div class=\"e-con-inner\">\n\t\t<div class=\"elementor-element elementor-element-62bf638 e-con-full e-flex e-con e-child\" data-id=\"62bf638\" data-element_type=\"container\">\n\t\t\t\t<div class=\"elementor-element elementor-element-8d35b33 elementor-widget elementor-widget-heading\" data-id=\"8d35b33\" data-element_type=\"widget\" data-widget_type=\"heading.default\">\n\t\t\t\t<div class=\"elementor-widget-container\">\n\t\t\t\t\t<h1 class=\"elementor-heading-title elementor-size-default\">Truffles<\/h1>\t\t\t\t<\/div>\n\t\t\t\t<\/div>\n\t\t\t\t<div class=\"elementor-element elementor-element-264d239 elementor-widget elementor-widget-heading\" data-id=\"264d239\" data-element_type=\"widget\" data-widget_type=\"heading.default\">\n\t\t\t\t<div class=\"elementor-widget-container\">\n\t\t\t\t\t<h2 class=\"elementor-heading-title elementor-size-default\">The mysterious truffle hunting in Spa\u010dva\n\n\n\n<\/h2>\t\t\t\t<\/div>\n\t\t\t\t<\/div>\n\t\t\t\t<div class=\"elementor-element elementor-element-e9428c8 elementor-widget elementor-widget-text-editor\" data-id=\"e9428c8\" data-element_type=\"widget\" data-widget_type=\"text-editor.default\">\n\t\t\t\t<div class=\"elementor-widget-container\">\n\t\t\t\t\t\t\t\t\t<p>The Spa\u010dva Forest hides a real treasure under its roots \u2013 truffles, underground mushrooms that enrich food with their unique taste and aroma. The search for truffles transforms a walk in the woods into an exciting adventure, where expert guides and their loyal dogs discover the secret hiding places of these valuable mushrooms, offering visitors an unforgettable experience and the opportunity to participate in one of the most intriguing gastronomic activities.<\/p>\n\t\t\t\t\t\t\t\t<\/div>\n\t\t\t\t<\/div>\n\t\t\t\t<\/div>\n\t\t<div class=\"elementor-element elementor-element-b4bcbef e-con-full e-flex e-con e-child\" data-id=\"b4bcbef\" data-element_type=\"container\">\n\t\t\t\t<div class=\"elementor-element elementor-element-20291cf elementor-widget elementor-widget-image\" data-id=\"20291cf\" data-element_type=\"widget\" data-widget_type=\"image.default\">\n\t\t\t\t<div class=\"elementor-widget-container\">\n\t\t\t\t\t\t\t\t\t\t\t\t\t\t\t<img fetchpriority=\"high\" decoding=\"async\" width=\"960\" height=\"1043\" src=\"https:\/\/visitspacva.hr\/wp-content\/uploads\/2024\/04\/Visit-Spacva-Tartufi-2.webp\" class=\"attachment-full size-full wp-image-2325\" alt=\"Visit Spa\u010dva - Tartufi\" srcset=\"https:\/\/visitspacva.hr\/wp-content\/uploads\/2024\/04\/Visit-Spacva-Tartufi-2.webp 960w, https:\/\/visitspacva.hr\/wp-content\/uploads\/2024\/04\/Visit-Spacva-Tartufi-2-276x300.webp 276w, https:\/\/visitspacva.hr\/wp-content\/uploads\/2024\/04\/Visit-Spacva-Tartufi-2-943x1024.webp 943w, https:\/\/visitspacva.hr\/wp-content\/uploads\/2024\/04\/Visit-Spacva-Tartufi-2-768x834.webp 768w\" sizes=\"(max-width: 960px) 100vw, 960px\" \/>\t\t\t\t\t\t\t\t\t\t\t\t\t\t\t<\/div>\n\t\t\t\t<\/div>\n\t\t\t\t<\/div>\n\t\t\t\t\t<\/div>\n\t\t\t\t<\/div>\n\t\t<div class=\"elementor-element elementor-element-e0f58cf e-flex e-con-boxed e-con e-parent\" data-id=\"e0f58cf\" data-element_type=\"container\" data-settings=\"{&quot;background_background&quot;:&quot;classic&quot;}\">\n\t\t\t\t\t<div class=\"e-con-inner\">\n\t\t<div class=\"elementor-element elementor-element-6893166 e-con-full e-flex e-con e-child\" data-id=\"6893166\" data-element_type=\"container\">\n\t\t<div class=\"elementor-element elementor-element-c530b89 e-flex e-con-boxed e-con e-child\" data-id=\"c530b89\" data-element_type=\"container\">\n\t\t\t\t\t<div class=\"e-con-inner\">\n\t\t\t\t<div class=\"elementor-element elementor-element-2741571 elementor-widget elementor-widget-heading\" data-id=\"2741571\" data-element_type=\"widget\" data-widget_type=\"heading.default\">\n\t\t\t\t<div class=\"elementor-widget-container\">\n\t\t\t\t\t<h2 class=\"elementor-heading-title elementor-size-default\">The hidden treasure of Spa\u010dva<\/h2>\t\t\t\t<\/div>\n\t\t\t\t<\/div>\n\t\t\t\t<div class=\"elementor-element elementor-element-953992e elementor-widget elementor-widget-text-editor\" data-id=\"953992e\" data-element_type=\"widget\" data-widget_type=\"text-editor.default\">\n\t\t\t\t<div class=\"elementor-widget-container\">\n\t\t\t\t\t\t\t\t\t<p>The well-kept secret of the Spa\u010dva forest is truffles! These underground fungi most often grow near the roots of trees such as the oak, the beech, the poplar, the willow and the elm, so it is not surprising that we find them in the oak-rich Spa\u010dva. The intense and pungent earthy smell gives truffle dishes a specific taste. In addition to being simply adored by every gourmand, truffles are also known as aphrodisiacs. But to end up on the plates of true connoisseurs, they must first be found.<\/p>\n<p>Since these are underground mushrooms, the search for them is a unique experience and a real attraction. Truffle hunting is led by an expert truffle hunter, whose most important companion is a trained dog with a keen sense of smell. It will find places where extremely valued and somewhat mysterious mushrooms grow. In \u200b\u200bthe Tourist Board of the Spa\u010dva Forest Area you can try your hand at truffle foraging or enjoy truffle dishes. White truffles are best sought for from September through December, and black truffles for the rest of the year.<\/p>\n\t\t\t\t\t\t\t\t<\/div>\n\t\t\t\t<\/div>\n\t\t\t\t\t<\/div>\n\t\t\t\t<\/div>\n\t\t<div class=\"elementor-element elementor-element-09d7f57 e-flex e-con-boxed e-con e-child\" data-id=\"09d7f57\" data-element_type=\"container\">\n\t\t\t\t\t<div class=\"e-con-inner\">\n\t\t\t\t<div class=\"elementor-element elementor-element-4ac289a elementor-widget elementor-widget-image\" data-id=\"4ac289a\" data-element_type=\"widget\" data-widget_type=\"image.default\">\n\t\t\t\t<div class=\"elementor-widget-container\">\n\t\t\t\t\t\t\t\t\t\t\t\t\t\t\t<img decoding=\"async\" width=\"960\" height=\"1229\" src=\"https:\/\/visitspacva.hr\/wp-content\/uploads\/2024\/04\/Visit-Spacva-Tartufi-1.webp\" class=\"attachment-full size-full wp-image-2324\" alt=\"\" srcset=\"https:\/\/visitspacva.hr\/wp-content\/uploads\/2024\/04\/Visit-Spacva-Tartufi-1.webp 960w, https:\/\/visitspacva.hr\/wp-content\/uploads\/2024\/04\/Visit-Spacva-Tartufi-1-234x300.webp 234w, https:\/\/visitspacva.hr\/wp-content\/uploads\/2024\/04\/Visit-Spacva-Tartufi-1-800x1024.webp 800w, https:\/\/visitspacva.hr\/wp-content\/uploads\/2024\/04\/Visit-Spacva-Tartufi-1-768x983.webp 768w\" sizes=\"(max-width: 960px) 100vw, 960px\" \/>\t\t\t\t\t\t\t\t\t\t\t\t\t\t\t<\/div>\n\t\t\t\t<\/div>\n\t\t\t\t\t<\/div>\n\t\t\t\t<\/div>\n\t\t\t\t<\/div>\n\t\t\t\t\t<\/div>\n\t\t\t\t<\/div>\n\t\t\t\t<\/div>\n\t\t","protected":false},"excerpt":{"rendered":"<p>Truffles The mysterious truffle hunting in Spa\u010dva The Spa\u010dva Forest hides a real treasure under its roots \u2013 truffles, underground mushrooms that enrich food with their unique taste and aroma. The search for truffles transforms a walk in the woods into an exciting adventure, where expert guides and their loyal dogs discover the secret hiding [&hellip;]<\/p>\n","protected":false},"author":1,"featured_media":2325,"parent":0,"menu_order":0,"comment_status":"closed","ping_status":"closed","template":"elementor_header_footer","meta":{"_acf_changed":false,"footnotes":""},"class_list":["post-2697","page","type-page","status-publish","has-post-thumbnail","hentry"],"acf":[],"yoast_head":"<!-- This site is optimized with the Yoast SEO plugin v25.4 - https:\/\/yoast.com\/wordpress\/plugins\/seo\/ -->\n<title>Truffles - The Spa\u010dva Forest<\/title>\n<meta name=\"description\" content=\"Truffles - The mysterious truffle hunting in Spa\u010dva. The Spa\u010dva Forest hides a real treasure under its roots \u2013 truffles.\" \/>\n<meta name=\"robots\" content=\"index, follow, max-snippet:-1, max-image-preview:large, max-video-preview:-1\" \/>\n<link rel=\"canonical\" href=\"https:\/\/visitspacva.hr\/en\/truffles\/\" \/>\n<meta property=\"og:locale\" content=\"en_US\" \/>\n<meta property=\"og:type\" content=\"article\" \/>\n<meta property=\"og:title\" content=\"Truffles - The Spa\u010dva Forest\" \/>\n<meta property=\"og:description\" content=\"Truffles - The mysterious truffle hunting in Spa\u010dva. The Spa\u010dva Forest hides a real treasure under its roots \u2013 truffles.\" \/>\n<meta property=\"og:url\" content=\"https:\/\/visitspacva.hr\/en\/truffles\/\" \/>\n<meta property=\"og:site_name\" content=\"The Spa\u010dva Forest\" \/>\n<meta property=\"article:publisher\" content=\"https:\/\/www.facebook.com\/people\/Turistika-zajednica-podruja-Spavanska-uma\/61559656015860\/\" \/>\n<meta property=\"article:modified_time\" content=\"2024-07-04T10:00:47+00:00\" \/>\n<meta property=\"og:image\" content=\"https:\/\/visitspacva.hr\/wp-content\/uploads\/2024\/04\/Visit-Spacva-Tartufi-2.webp\" \/>\n\t<meta property=\"og:image:width\" content=\"960\" \/>\n\t<meta property=\"og:image:height\" content=\"1043\" \/>\n\t<meta property=\"og:image:type\" content=\"image\/webp\" \/>\n<meta name=\"twitter:card\" content=\"summary_large_image\" \/>\n<meta name=\"twitter:label1\" content=\"Est. reading time\" \/>\n\t<meta name=\"twitter:data1\" content=\"1 minute\" \/>\n<script type=\"application\/ld+json\" class=\"yoast-schema-graph\">{\"@context\":\"https:\/\/schema.org\",\"@graph\":[{\"@type\":\"WebPage\",\"@id\":\"https:\/\/visitspacva.hr\/en\/truffles\/\",\"url\":\"https:\/\/visitspacva.hr\/en\/truffles\/\",\"name\":\"Truffles - The Spa\u010dva Forest\",\"isPartOf\":{\"@id\":\"https:\/\/visitspacva.hr\/en\/#website\"},\"primaryImageOfPage\":{\"@id\":\"https:\/\/visitspacva.hr\/en\/truffles\/#primaryimage\"},\"image\":{\"@id\":\"https:\/\/visitspacva.hr\/en\/truffles\/#primaryimage\"},\"thumbnailUrl\":\"https:\/\/visitspacva.hr\/wp-content\/uploads\/2024\/04\/Visit-Spacva-Tartufi-2.webp\",\"datePublished\":\"2024-03-01T11:41:12+00:00\",\"dateModified\":\"2024-07-04T10:00:47+00:00\",\"description\":\"Truffles - The mysterious truffle hunting in Spa\u010dva. The Spa\u010dva Forest hides a real treasure under its roots \u2013 truffles.\",\"breadcrumb\":{\"@id\":\"https:\/\/visitspacva.hr\/en\/truffles\/#breadcrumb\"},\"inLanguage\":\"en-US\",\"potentialAction\":[{\"@type\":\"ReadAction\",\"target\":[\"https:\/\/visitspacva.hr\/en\/truffles\/\"]}]},{\"@type\":\"ImageObject\",\"inLanguage\":\"en-US\",\"@id\":\"https:\/\/visitspacva.hr\/en\/truffles\/#primaryimage\",\"url\":\"https:\/\/visitspacva.hr\/wp-content\/uploads\/2024\/04\/Visit-Spacva-Tartufi-2.webp\",\"contentUrl\":\"https:\/\/visitspacva.hr\/wp-content\/uploads\/2024\/04\/Visit-Spacva-Tartufi-2.webp\",\"width\":960,\"height\":1043,\"caption\":\"Visit Spa\u010dva - Tartufi\"},{\"@type\":\"BreadcrumbList\",\"@id\":\"https:\/\/visitspacva.hr\/en\/truffles\/#breadcrumb\",\"itemListElement\":[{\"@type\":\"ListItem\",\"position\":1,\"name\":\"Po\u010detna stranica\",\"item\":\"https:\/\/visitspacva.hr\/en\/\"},{\"@type\":\"ListItem\",\"position\":2,\"name\":\"Truffles\"}]},{\"@type\":\"WebSite\",\"@id\":\"https:\/\/visitspacva.hr\/en\/#website\",\"url\":\"https:\/\/visitspacva.hr\/en\/\",\"name\":\"Spa\u010dvanska \u0161uma\",\"description\":\"Woven with gold\",\"publisher\":{\"@id\":\"https:\/\/visitspacva.hr\/en\/#organization\"},\"potentialAction\":[{\"@type\":\"SearchAction\",\"target\":{\"@type\":\"EntryPoint\",\"urlTemplate\":\"https:\/\/visitspacva.hr\/en\/?s={search_term_string}\"},\"query-input\":{\"@type\":\"PropertyValueSpecification\",\"valueRequired\":true,\"valueName\":\"search_term_string\"}}],\"inLanguage\":\"en-US\"},{\"@type\":\"Organization\",\"@id\":\"https:\/\/visitspacva.hr\/en\/#organization\",\"name\":\"The Spa\u010dva Forest\",\"url\":\"https:\/\/visitspacva.hr\/en\/\",\"logo\":{\"@type\":\"ImageObject\",\"inLanguage\":\"en-US\",\"@id\":\"https:\/\/visitspacva.hr\/en\/#\/schema\/logo\/image\/\",\"url\":\"https:\/\/visitspacva.hr\/wp-content\/uploads\/2024\/02\/Visit-Spacva-Spacvanska-suma.png\",\"contentUrl\":\"https:\/\/visitspacva.hr\/wp-content\/uploads\/2024\/02\/Visit-Spacva-Spacvanska-suma.png\",\"width\":627,\"height\":215,\"caption\":\"The Spa\u010dva Forest\"},\"image\":{\"@id\":\"https:\/\/visitspacva.hr\/en\/#\/schema\/logo\/image\/\"},\"sameAs\":[\"https:\/\/www.facebook.com\/people\/Turistika-zajednica-podruja-Spavanska-uma\/61559656015860\/\",\"https:\/\/www.instagram.com\/visit_spacva\/\"]}]}<\/script>\n<!-- \/ Yoast SEO plugin. -->","yoast_head_json":{"title":"Truffles - The Spa\u010dva Forest","description":"Truffles - The mysterious truffle hunting in Spa\u010dva. The Spa\u010dva Forest hides a real treasure under its roots \u2013 truffles.","robots":{"index":"index","follow":"follow","max-snippet":"max-snippet:-1","max-image-preview":"max-image-preview:large","max-video-preview":"max-video-preview:-1"},"canonical":"https:\/\/visitspacva.hr\/en\/truffles\/","og_locale":"en_US","og_type":"article","og_title":"Truffles - The Spa\u010dva Forest","og_description":"Truffles - The mysterious truffle hunting in Spa\u010dva. The Spa\u010dva Forest hides a real treasure under its roots \u2013 truffles.","og_url":"https:\/\/visitspacva.hr\/en\/truffles\/","og_site_name":"The Spa\u010dva Forest","article_publisher":"https:\/\/www.facebook.com\/people\/Turistika-zajednica-podruja-Spavanska-uma\/61559656015860\/","article_modified_time":"2024-07-04T10:00:47+00:00","og_image":[{"width":960,"height":1043,"url":"https:\/\/visitspacva.hr\/wp-content\/uploads\/2024\/04\/Visit-Spacva-Tartufi-2.webp","type":"image\/webp"}],"twitter_card":"summary_large_image","twitter_misc":{"Est. reading time":"1 minute"},"schema":{"@context":"https:\/\/schema.org","@graph":[{"@type":"WebPage","@id":"https:\/\/visitspacva.hr\/en\/truffles\/","url":"https:\/\/visitspacva.hr\/en\/truffles\/","name":"Truffles - The Spa\u010dva Forest","isPartOf":{"@id":"https:\/\/visitspacva.hr\/en\/#website"},"primaryImageOfPage":{"@id":"https:\/\/visitspacva.hr\/en\/truffles\/#primaryimage"},"image":{"@id":"https:\/\/visitspacva.hr\/en\/truffles\/#primaryimage"},"thumbnailUrl":"https:\/\/visitspacva.hr\/wp-content\/uploads\/2024\/04\/Visit-Spacva-Tartufi-2.webp","datePublished":"2024-03-01T11:41:12+00:00","dateModified":"2024-07-04T10:00:47+00:00","description":"Truffles - The mysterious truffle hunting in Spa\u010dva. The Spa\u010dva Forest hides a real treasure under its roots \u2013 truffles.","breadcrumb":{"@id":"https:\/\/visitspacva.hr\/en\/truffles\/#breadcrumb"},"inLanguage":"en-US","potentialAction":[{"@type":"ReadAction","target":["https:\/\/visitspacva.hr\/en\/truffles\/"]}]},{"@type":"ImageObject","inLanguage":"en-US","@id":"https:\/\/visitspacva.hr\/en\/truffles\/#primaryimage","url":"https:\/\/visitspacva.hr\/wp-content\/uploads\/2024\/04\/Visit-Spacva-Tartufi-2.webp","contentUrl":"https:\/\/visitspacva.hr\/wp-content\/uploads\/2024\/04\/Visit-Spacva-Tartufi-2.webp","width":960,"height":1043,"caption":"Visit Spa\u010dva - Tartufi"},{"@type":"BreadcrumbList","@id":"https:\/\/visitspacva.hr\/en\/truffles\/#breadcrumb","itemListElement":[{"@type":"ListItem","position":1,"name":"Po\u010detna stranica","item":"https:\/\/visitspacva.hr\/en\/"},{"@type":"ListItem","position":2,"name":"Truffles"}]},{"@type":"WebSite","@id":"https:\/\/visitspacva.hr\/en\/#website","url":"https:\/\/visitspacva.hr\/en\/","name":"Spa\u010dvanska \u0161uma","description":"Woven with gold","publisher":{"@id":"https:\/\/visitspacva.hr\/en\/#organization"},"potentialAction":[{"@type":"SearchAction","target":{"@type":"EntryPoint","urlTemplate":"https:\/\/visitspacva.hr\/en\/?s={search_term_string}"},"query-input":{"@type":"PropertyValueSpecification","valueRequired":true,"valueName":"search_term_string"}}],"inLanguage":"en-US"},{"@type":"Organization","@id":"https:\/\/visitspacva.hr\/en\/#organization","name":"The Spa\u010dva Forest","url":"https:\/\/visitspacva.hr\/en\/","logo":{"@type":"ImageObject","inLanguage":"en-US","@id":"https:\/\/visitspacva.hr\/en\/#\/schema\/logo\/image\/","url":"https:\/\/visitspacva.hr\/wp-content\/uploads\/2024\/02\/Visit-Spacva-Spacvanska-suma.png","contentUrl":"https:\/\/visitspacva.hr\/wp-content\/uploads\/2024\/02\/Visit-Spacva-Spacvanska-suma.png","width":627,"height":215,"caption":"The Spa\u010dva Forest"},"image":{"@id":"https:\/\/visitspacva.hr\/en\/#\/schema\/logo\/image\/"},"sameAs":["https:\/\/www.facebook.com\/people\/Turistika-zajednica-podruja-Spavanska-uma\/61559656015860\/","https:\/\/www.instagram.com\/visit_spacva\/"]}]}},"_links":{"self":[{"href":"https:\/\/visitspacva.hr\/en\/wp-json\/wp\/v2\/pages\/2697","targetHints":{"allow":["GET"]}}],"collection":[{"href":"https:\/\/visitspacva.hr\/en\/wp-json\/wp\/v2\/pages"}],"about":[{"href":"https:\/\/visitspacva.hr\/en\/wp-json\/wp\/v2\/types\/page"}],"author":[{"embeddable":true,"href":"https:\/\/visitspacva.hr\/en\/wp-json\/wp\/v2\/users\/1"}],"replies":[{"embeddable":true,"href":"https:\/\/visitspacva.hr\/en\/wp-json\/wp\/v2\/comments?post=2697"}],"version-history":[{"count":1,"href":"https:\/\/visitspacva.hr\/en\/wp-json\/wp\/v2\/pages\/2697\/revisions"}],"predecessor-version":[{"id":2698,"href":"https:\/\/visitspacva.hr\/en\/wp-json\/wp\/v2\/pages\/2697\/revisions\/2698"}],"wp:featuredmedia":[{"embeddable":true,"href":"https:\/\/visitspacva.hr\/en\/wp-json\/wp\/v2\/media\/2325"}],"wp:attachment":[{"href":"https:\/\/visitspacva.hr\/en\/wp-json\/wp\/v2\/media?parent=2697"}],"curies":[{"name":"wp","href":"https:\/\/api.w.org\/{rel}","templated":true}]}}